{"id":15562,"date":"2024-04-24T16:27:25","date_gmt":"2024-04-24T15:27:25","guid":{"rendered":"https:\/\/basemelia.tryplisboacaparica.com\/green-key\/"},"modified":"2024-07-30T17:27:19","modified_gmt":"2024-07-30T16:27:19","slug":"pistas-de-tenis-y-squash","status":"publish","type":"page","link":"https:\/\/www.meliacastelobranco.com\/es\/pistas-de-tenis-y-squash\/","title":{"rendered":"Pistas de Tenis y Squash"},"content":{"rendered":"\t\t<div data-elementor-type=\"wp-page\" data-elementor-id=\"15562\" class=\"elementor elementor-15562 elementor-15124\" data-elementor-post-type=\"page\">\n\t\t\t\t<section class=\"elementor-element elementor-element-6c6eb2b e-con-full e-flex e-con e-parent\" data-id=\"6c6eb2b\" data-element_type=\"container\" data-settings=\"{&quot;background_background&quot;:&quot;classic&quot;}\">\n\t\t<div class=\"elementor-element elementor-element-88c41f8 e-con-full e-flex e-con e-child\" data-id=\"88c41f8\" data-element_type=\"container\">\n\t\t\t\t<div class=\"elementor-element elementor-element-d99bec5 elementor-widget elementor-widget-heading\" data-id=\"d99bec5\" data-element_type=\"widget\" data-widget_type=\"heading.default\">\n\t\t\t\t<div class=\"elementor-widget-container\">\n\t\t\t\t\t<h1 class=\"elementor-heading-title elementor-size-default\">PISTAS DE TENIS<\/h1>\t\t\t\t<\/div>\n\t\t\t\t<\/div>\n\t\t\t\t<div class=\"elementor-element elementor-element-1de591b elementor-widget elementor-widget-heading\" data-id=\"1de591b\" data-element_type=\"widget\" data-widget_type=\"heading.default\">\n\t\t\t\t<div class=\"elementor-widget-container\">\n\t\t\t\t\t<h1 class=\"elementor-heading-title elementor-size-default\">Y SQUASH<\/h1>\t\t\t\t<\/div>\n\t\t\t\t<\/div>\n\t\t\t\t<\/div>\n\t\t\t\t<\/section>\n\t\t<section class=\"elementor-element elementor-element-cab6987 e-con-full e-flex e-con e-parent\" data-id=\"cab6987\" data-element_type=\"container\">\n\t\t\t\t<div class=\"elementor-element elementor-element-a610a2c elementor-widget elementor-widget-text-editor\" data-id=\"a610a2c\" data-element_type=\"widget\" data-widget_type=\"text-editor.default\">\n\t\t\t\t<div class=\"elementor-widget-container\">\n\t\t\t\t\t\t\t\t\t<p>En nuestro hotel, ofrecemos instalaciones modernas y bien cuidadas para los entusiastas del tenis y el squash.<\/p><p>Independientemente de su nivel de habilidad, nos comprometemos a proporcionarle una experiencia deportiva excepcional durante su estancia en nuestro hotel.<\/p>\t\t\t\t\t\t\t\t<\/div>\n\t\t\t\t<\/div>\n\t\t\t\t<\/section>\n\t\t<section class=\"elementor-element elementor-element-0ace411 e-con-full e-flex e-con e-parent\" data-id=\"0ace411\" data-element_type=\"container\">\n\t\t<div class=\"elementor-element elementor-element-524085c e-con-full e-flex e-con e-child\" data-id=\"524085c\" data-element_type=\"container\" data-settings=\"{&quot;background_background&quot;:&quot;classic&quot;}\">\n\t\t\t\t<div class=\"elementor-element elementor-element-51b1901 elementor-widget elementor-widget-spacer\" data-id=\"51b1901\" data-element_type=\"widget\" data-widget_type=\"spacer.default\">\n\t\t\t\t<div class=\"elementor-widget-container\">\n\t\t\t\t\t\t\t<div class=\"elementor-spacer\">\n\t\t\t<div class=\"elementor-spacer-inner\"><\/div>\n\t\t<\/div>\n\t\t\t\t\t\t<\/div>\n\t\t\t\t<\/div>\n\t\t\t\t<\/div>\n\t\t<div class=\"elementor-element elementor-element-93f05b2 e-con-full e-flex e-con e-child\" data-id=\"93f05b2\" data-element_type=\"container\">\n\t\t<div class=\"elementor-element elementor-element-6019db4 e-con-full e-flex e-con e-child\" data-id=\"6019db4\" data-element_type=\"container\">\n\t\t\t\t<div class=\"elementor-element elementor-element-5b7f710 elementor-widget elementor-widget-heading\" data-id=\"5b7f710\" data-element_type=\"widget\" data-widget_type=\"heading.default\">\n\t\t\t\t<div class=\"elementor-widget-container\">\n\t\t\t\t\t<h2 class=\"elementor-heading-title elementor-size-default\">Tenis<\/h2>\t\t\t\t<\/div>\n\t\t\t\t<\/div>\n\t\t\t\t<div class=\"elementor-element elementor-element-869598c elementor-widget elementor-widget-text-editor\" data-id=\"869598c\" data-element_type=\"widget\" data-widget_type=\"text-editor.default\">\n\t\t\t\t<div class=\"elementor-widget-container\">\n\t\t\t\t\t\t\t\t\t<p>Las tres pistas de tenis no s\u00f3lo ofrecen superficies de gran calidad, sino que tambi\u00e9n se adaptan a las necesidades de jugadores de todos los niveles, desde los que dan sus primeros pasos en este deporte hasta los profesionales m\u00e1s experimentados. Con unas vistas impresionantes de la ciudad de Castelo Branco, cada partido se convierte en una experiencia verdaderamente memorable. \u00a1Aproveche nuestras instalaciones y lleve su juego al siguiente nivel!<\/p>\t\t\t\t\t\t\t\t<\/div>\n\t\t\t\t<\/div>\n\t\t\t\t<\/div>\n\t\t\t\t<\/div>\n\t\t\t\t<\/section>\n\t\t<section class=\"elementor-element elementor-element-b179c7b e-con-full e-flex e-con e-parent\" data-id=\"b179c7b\" data-element_type=\"container\">\n\t\t<div class=\"elementor-element elementor-element-7f4ce6c e-con-full e-flex e-con e-child\" data-id=\"7f4ce6c\" data-element_type=\"container\">\n\t\t<div class=\"elementor-element elementor-element-12c2d1b e-con-full e-flex e-con e-child\" data-id=\"12c2d1b\" data-element_type=\"container\">\n\t\t\t\t<div class=\"elementor-element elementor-element-ef1419c elementor-widget elementor-widget-heading\" data-id=\"ef1419c\" data-element_type=\"widget\" data-widget_type=\"heading.default\">\n\t\t\t\t<div class=\"elementor-widget-container\">\n\t\t\t\t\t<h2 class=\"elementor-heading-title elementor-size-default\">SQUASH<\/h2>\t\t\t\t<\/div>\n\t\t\t\t<\/div>\n\t\t\t\t<div class=\"elementor-element elementor-element-f2b5b00 elementor-widget__width-initial elementor-widget elementor-widget-text-editor\" data-id=\"f2b5b00\" data-element_type=\"widget\" data-widget_type=\"text-editor.default\">\n\t\t\t\t<div class=\"elementor-widget-container\">\n\t\t\t\t\t\t\t\t\t<div class=\"ewa-rteLine\"><p>Para los entusiastas del squash, el hotel dispone de pistas de alta calidad, meticulosamente equipadas para crear el entorno perfecto para emocionantes partidos. Los jugadores pueden jugar partidos desafiantes mientras perfeccionan sus habilidades en este deporte din\u00e1mico y competitivo. Con instalaciones dise\u00f1adas para satisfacer las necesidades de jugadores de todos los niveles, desde principiantes hasta veteranos experimentados, garantizamos una experiencia de squash inigualable. \u00a1Venga y descubra la emoci\u00f3n del squash!<\/p><\/div>\t\t\t\t\t\t\t\t<\/div>\n\t\t\t\t<\/div>\n\t\t\t\t<\/div>\n\t\t\t\t<\/div>\n\t\t<div class=\"elementor-element elementor-element-af56856 e-con-full e-flex e-con e-child\" data-id=\"af56856\" data-element_type=\"container\" data-settings=\"{&quot;background_background&quot;:&quot;classic&quot;}\">\n\t\t\t\t<div class=\"elementor-element elementor-element-26c8aef elementor-widget elementor-widget-spacer\" data-id=\"26c8aef\" data-element_type=\"widget\" data-widget_type=\"spacer.default\">\n\t\t\t\t<div class=\"elementor-widget-container\">\n\t\t\t\t\t\t\t<div class=\"elementor-spacer\">\n\t\t\t<div class=\"elementor-spacer-inner\"><\/div>\n\t\t<\/div>\n\t\t\t\t\t\t<\/div>\n\t\t\t\t<\/div>\n\t\t\t\t<\/div>\n\t\t\t\t<\/section>\n\t\t<div class=\"elementor-element elementor-element-86c692f e-con-full e-flex e-con e-parent\" data-id=\"86c692f\" data-element_type=\"container\">\n\t\t\t\t<div class=\"elementor-element elementor-element-8526559 elementor-widget elementor-widget-heading\" data-id=\"8526559\" data-element_type=\"widget\" data-widget_type=\"heading.default\">\n\t\t\t\t<div class=\"elementor-widget-container\">\n\t\t\t\t\t<h5 class=\"elementor-heading-title elementor-size-default\">Galer\u00eda de im\u00e1genes<\/h5>\t\t\t\t<\/div>\n\t\t\t\t<\/div>\n\t\t\t\t<div class=\"elementor-element elementor-element-2b3c145 elementor-skin-carousel elementor-arrows-yes elementor-pagination-type-bullets elementor-pagination-position-outside elementor-widget elementor-widget-hoti-gallery-slider\" data-id=\"2b3c145\" data-element_type=\"widget\" data-settings=\"{&quot;slides_per_view&quot;:&quot;3&quot;,&quot;skin&quot;:&quot;carousel&quot;,&quot;effect&quot;:&quot;slide&quot;,&quot;show_arrows&quot;:&quot;yes&quot;,&quot;pagination&quot;:&quot;bullets&quot;,&quot;speed&quot;:500,&quot;autoplay&quot;:&quot;yes&quot;,&quot;autoplay_speed&quot;:5000,&quot;pause_on_hover&quot;:&quot;yes&quot;,&quot;pause_on_interaction&quot;:&quot;yes&quot;,&quot;space_between&quot;:{&quot;unit&quot;:&quot;px&quot;,&quot;size&quot;:10,&quot;sizes&quot;:[]},&quot;space_between_tablet_extra&quot;:{&quot;unit&quot;:&quot;px&quot;,&quot;size&quot;:10,&quot;sizes&quot;:[]},&quot;space_between_tablet&quot;:{&quot;unit&quot;:&quot;px&quot;,&quot;size&quot;:10,&quot;sizes&quot;:[]},&quot;space_between_mobile_extra&quot;:{&quot;unit&quot;:&quot;px&quot;,&quot;size&quot;:10,&quot;sizes&quot;:[]},&quot;space_between_mobile&quot;:{&quot;unit&quot;:&quot;px&quot;,&quot;size&quot;:10,&quot;sizes&quot;:[]}}\" data-widget_type=\"hoti-gallery-slider.default\">\n\t\t\t\t<div class=\"elementor-widget-container\">\n\t\t\t\t\t\t\t\t\t<div class=\"elementor-swiper\">\n\t\t\t\t\t<div class=\"elementor-main-swiper swiper\" role=\"region\" aria-roledescription=\"carousel\" aria-label=\"Diapositivas\">\n\t\t\t\t<div class=\"swiper-wrapper\">\n\t\t\t\t\t\t\t\t\t\t\t<div class=\"swiper-slide\" role=\"group\" aria-roledescription=\"slide\">\n\t\t\t\t\t\t\t\t\t<div class=\"elementor-carousel-image landscape\" role=\"img\" aria-label=\"MCB_TENIS\" style=\"background-image: url(&#039;https:\/\/www.meliacastelobranco.com\/wp-content\/uploads\/sites\/19\/2024\/05\/MCB_TENIS.jpg&#039;)\">\r\n\r\n\t\t\t\r\n\t\t\t\t\t<\/div>\r\n\t\t\t\t\t\t\t\t<\/div>\n\t\t\t\t\t\t\t\t\t\t\t<div class=\"swiper-slide\" role=\"group\" aria-roledescription=\"slide\">\n\t\t\t\t\t\t\t\t\t<div class=\"elementor-carousel-image landscape\" role=\"img\" aria-label=\"MCB_SQUASH 1\" style=\"background-image: url(&#039;https:\/\/www.meliacastelobranco.com\/wp-content\/uploads\/sites\/19\/2024\/05\/MCB_SQUASH-1.jpg&#039;)\">\r\n\r\n\t\t\t\r\n\t\t\t\t\t<\/div>\r\n\t\t\t\t\t\t\t\t<\/div>\n\t\t\t\t\t\t\t\t\t\t\t<div class=\"swiper-slide\" role=\"group\" aria-roledescription=\"slide\">\n\t\t\t\t\t\t\t\t\t<div class=\"elementor-carousel-image landscape\" role=\"img\" aria-label=\"MCB_TENIS\" style=\"background-image: url(&#039;https:\/\/www.meliacastelobranco.com\/wp-content\/uploads\/sites\/19\/2024\/05\/MCB_TENIS-1.jpg&#039;)\">\r\n\r\n\t\t\t\r\n\t\t\t\t\t<\/div>\r\n\t\t\t\t\t\t\t\t<\/div>\n\t\t\t\t\t\t\t\t\t\t\t<div class=\"swiper-slide\" role=\"group\" aria-roledescription=\"slide\">\n\t\t\t\t\t\t\t\t\t<div class=\"elementor-carousel-image landscape\" role=\"img\" aria-label=\"MCB_SQUASH&amp;TENIS\" style=\"background-image: url(&#039;https:\/\/www.meliacastelobranco.com\/wp-content\/uploads\/sites\/19\/2024\/05\/MCB_SQUASHTENIS.jpg&#039;)\">\r\n\r\n\t\t\t\r\n\t\t\t\t\t<\/div>\r\n\t\t\t\t\t\t\t\t<\/div>\n\t\t\t\t\t\t\t\t\t\t\t<div class=\"swiper-slide\" role=\"group\" aria-roledescription=\"slide\">\n\t\t\t\t\t\t\t\t\t<div class=\"elementor-carousel-image landscape\" role=\"img\" aria-label=\"MCB_SQUASH\" style=\"background-image: url(&#039;https:\/\/www.meliacastelobranco.com\/wp-content\/uploads\/sites\/19\/2024\/05\/MCB_SQUASH.jpg&#039;)\">\r\n\r\n\t\t\t\r\n\t\t\t\t\t<\/div>\r\n\t\t\t\t\t\t\t\t<\/div>\n\t\t\t\t\t\t\t\t\t<\/div>\n\t\t\t\t\t\t\t\t\t\t\t\t\t\t\t<div class=\"elementor-swiper-button elementor-swiper-button-prev\" role=\"button\" tabindex=\"0\" aria-label=\"Anterior\">\n\t\t\t\t\t\t\t<i aria-hidden=\"true\" class=\"eicon-chevron-left\"><\/i>\t\t\t\t\t\t<\/div>\n\t\t\t\t\t\t<div class=\"elementor-swiper-button elementor-swiper-button-next\" role=\"button\" tabindex=\"0\" aria-label=\"Siguiente\">\n\t\t\t\t\t\t\t<i aria-hidden=\"true\" class=\"eicon-chevron-right\"><\/i>\t\t\t\t\t\t<\/div>\n\t\t\t\t\t\t\t\t\t\t\t\t\t\t\t\t<div class=\"swiper-pagination\"><\/div>\n\t\t\t\t\t\t\t\t\t\t\t\t<\/div>\n\t\t\t\t<\/div>\n\t\t\t\t\t\t\t\t<\/div>\n\t\t\t\t<\/div>\n\t\t\t\t<\/div>\n\t\t\t\t<\/div>\n\t\t","protected":false},"excerpt":{"rendered":"<p>PISTAS DE TENIS Y SQUASH En nuestro hotel, ofrecemos instalaciones modernas y bien cuidadas para los entusiastas del tenis y el squash. Independientemente de su nivel de habilidad, nos comprometemos a proporcionarle una experiencia deportiva excepcional durante su estancia en nuestro hotel. Tenis Las tres pistas de tenis no s\u00f3lo ofrecen superficies de gran calidad, [&hellip;]<\/p>\n","protected":false},"author":1,"featured_media":0,"parent":0,"menu_order":0,"comment_status":"closed","ping_status":"closed","template":"","meta":{"_acf_changed":false,"footnotes":""},"class_list":["post-15562","page","type-page","status-publish","hentry"],"acf":[],"yoast_head":"<!-- This site is optimized with the Yoast SEO plugin v24.5 - https:\/\/yoast.com\/wordpress\/plugins\/seo\/ -->\n<title>Pistas de Tenis y Squash - Melia Castelo Branco<\/title>\n<meta name=\"description\" content=\"O Meli\u00e1 Castelo Branco est\u00e1 situado junto ao castelo no alto de uma bonita colina com magn\u00edfica vista panor\u00e2mica da cidade.\" \/>\n<meta name=\"robots\" content=\"index, follow, max-snippet:-1, max-image-preview:large, max-video-preview:-1\" \/>\n<link rel=\"canonical\" href=\"https:\/\/www.meliacastelobranco.com\/es\/pistas-de-tenis-y-squash\/\" \/>\n<meta property=\"og:locale\" content=\"es_ES\" \/>\n<meta property=\"og:type\" content=\"article\" \/>\n<meta property=\"og:title\" content=\"Pistas de Tenis y Squash - Melia Castelo Branco\" \/>\n<meta property=\"og:description\" content=\"O Meli\u00e1 Castelo Branco est\u00e1 situado junto ao castelo no alto de uma bonita colina com magn\u00edfica vista panor\u00e2mica da cidade.\" \/>\n<meta property=\"og:url\" content=\"https:\/\/www.meliacastelobranco.com\/es\/pistas-de-tenis-y-squash\/\" \/>\n<meta property=\"og:site_name\" content=\"Melia Castelo Branco\" \/>\n<meta property=\"article:publisher\" content=\"https:\/\/www.instagram.com\/meliacastelobranco\/\" \/>\n<meta property=\"article:modified_time\" content=\"2024-07-30T16:27:19+00:00\" \/>\n<meta property=\"og:image\" content=\"https:\/\/www.meliacastelobranco.com\/wp-content\/uploads\/sites\/19\/2024\/06\/Melia_Castelo_Branco_Open-graph.jpg\" \/>\n\t<meta property=\"og:image:width\" content=\"1200\" \/>\n\t<meta property=\"og:image:height\" content=\"630\" \/>\n\t<meta property=\"og:image:type\" content=\"image\/jpeg\" \/>\n<meta name=\"twitter:card\" content=\"summary_large_image\" \/>\n<meta name=\"twitter:label1\" content=\"Tiempo de lectura\" \/>\n\t<meta name=\"twitter:data1\" content=\"1 minuto\" \/>\n<script type=\"application\/ld+json\" class=\"yoast-schema-graph\">{\"@context\":\"https:\/\/schema.org\",\"@graph\":[{\"@type\":\"WebPage\",\"@id\":\"https:\/\/www.meliacastelobranco.com\/es\/pistas-de-tenis-y-squash\/\",\"url\":\"https:\/\/www.meliacastelobranco.com\/es\/pistas-de-tenis-y-squash\/\",\"name\":\"Pistas de Tenis y Squash - Melia Castelo Branco\",\"isPartOf\":{\"@id\":\"https:\/\/www.meliacastelobranco.com\/es\/#website\"},\"datePublished\":\"2024-04-24T15:27:25+00:00\",\"dateModified\":\"2024-07-30T16:27:19+00:00\",\"description\":\"O Meli\u00e1 Castelo Branco est\u00e1 situado junto ao castelo no alto de uma bonita colina com magn\u00edfica vista panor\u00e2mica da cidade.\",\"breadcrumb\":{\"@id\":\"https:\/\/www.meliacastelobranco.com\/es\/pistas-de-tenis-y-squash\/#breadcrumb\"},\"inLanguage\":\"es\",\"potentialAction\":[{\"@type\":\"ReadAction\",\"target\":[\"https:\/\/www.meliacastelobranco.com\/es\/pistas-de-tenis-y-squash\/\"]}]},{\"@type\":\"BreadcrumbList\",\"@id\":\"https:\/\/www.meliacastelobranco.com\/es\/pistas-de-tenis-y-squash\/#breadcrumb\",\"itemListElement\":[{\"@type\":\"ListItem\",\"position\":1,\"name\":\"In\u00edcio\",\"item\":\"https:\/\/www.meliacastelobranco.com\/es\/\"},{\"@type\":\"ListItem\",\"position\":2,\"name\":\"Pistas de Tenis y Squash\"}]},{\"@type\":\"WebSite\",\"@id\":\"https:\/\/www.meliacastelobranco.com\/es\/#website\",\"url\":\"https:\/\/www.meliacastelobranco.com\/es\/\",\"name\":\"Meli\u00e1 Castelo Branco\",\"description\":\"O Meli\u00e1 Castelo Branco est\u00e1 situado junto ao castelo no alto de uma bonita colina com magn\u00edfica vista panor\u00e2mica da cidade.\",\"publisher\":{\"@id\":\"https:\/\/www.meliacastelobranco.com\/es\/#organization\"},\"alternateName\":\"Meli\u00e1 Castelo Branco\",\"potentialAction\":[{\"@type\":\"SearchAction\",\"target\":{\"@type\":\"EntryPoint\",\"urlTemplate\":\"https:\/\/www.meliacastelobranco.com\/es\/?s={search_term_string}\"},\"query-input\":{\"@type\":\"PropertyValueSpecification\",\"valueRequired\":true,\"valueName\":\"search_term_string\"}}],\"inLanguage\":\"es\"},{\"@type\":\"Organization\",\"@id\":\"https:\/\/www.meliacastelobranco.com\/es\/#organization\",\"name\":\"Meli\u00e1 Castelo Branco\",\"alternateName\":\"Meli\u00e1 Castelo Branco\",\"url\":\"https:\/\/www.meliacastelobranco.com\/es\/\",\"logo\":{\"@type\":\"ImageObject\",\"inLanguage\":\"es\",\"@id\":\"https:\/\/www.meliacastelobranco.com\/es\/#\/schema\/logo\/image\/\",\"url\":\"https:\/\/www.meliacastelobranco.com\/wp-content\/uploads\/sites\/19\/2024\/06\/Logo_Mobile_MeliaCasteloBranco.png\",\"contentUrl\":\"https:\/\/www.meliacastelobranco.com\/wp-content\/uploads\/sites\/19\/2024\/06\/Logo_Mobile_MeliaCasteloBranco.png\",\"width\":148,\"height\":60,\"caption\":\"Meli\u00e1 Castelo Branco\"},\"image\":{\"@id\":\"https:\/\/www.meliacastelobranco.com\/es\/#\/schema\/logo\/image\/\"},\"sameAs\":[\"https:\/\/www.instagram.com\/meliacastelobranco\/\",\"https:\/\/www.linkedin.com\/company\/hoti-hoteis\/posts\/?feedView=all\",\"https:\/\/www.youtube.com\/channel\/UCP0ugsnZVvziVrrstHe2gqg\",\"https:\/\/www.tripadvisor.pt\/UserReviewEdit-g189142-d231467-Melia_Castelo_Branco-Castelo_Branco_Castelo_Branco_District_Central_Portugal.html\"]}]}<\/script>\n<!-- \/ Yoast SEO plugin. -->","yoast_head_json":{"title":"Pistas de Tenis y Squash - Melia Castelo Branco","description":"O Meli\u00e1 Castelo Branco est\u00e1 situado junto ao castelo no alto de uma bonita colina com magn\u00edfica vista panor\u00e2mica da cidade.","robots":{"index":"index","follow":"follow","max-snippet":"max-snippet:-1","max-image-preview":"max-image-preview:large","max-video-preview":"max-video-preview:-1"},"canonical":"https:\/\/www.meliacastelobranco.com\/es\/pistas-de-tenis-y-squash\/","og_locale":"es_ES","og_type":"article","og_title":"Pistas de Tenis y Squash - Melia Castelo Branco","og_description":"O Meli\u00e1 Castelo Branco est\u00e1 situado junto ao castelo no alto de uma bonita colina com magn\u00edfica vista panor\u00e2mica da cidade.","og_url":"https:\/\/www.meliacastelobranco.com\/es\/pistas-de-tenis-y-squash\/","og_site_name":"Melia Castelo Branco","article_publisher":"https:\/\/www.instagram.com\/meliacastelobranco\/","article_modified_time":"2024-07-30T16:27:19+00:00","og_image":[{"width":1200,"height":630,"url":"https:\/\/www.meliacastelobranco.com\/wp-content\/uploads\/sites\/19\/2024\/06\/Melia_Castelo_Branco_Open-graph.jpg","type":"image\/jpeg"}],"twitter_card":"summary_large_image","twitter_misc":{"Tiempo de lectura":"1 minuto"},"schema":{"@context":"https:\/\/schema.org","@graph":[{"@type":"WebPage","@id":"https:\/\/www.meliacastelobranco.com\/es\/pistas-de-tenis-y-squash\/","url":"https:\/\/www.meliacastelobranco.com\/es\/pistas-de-tenis-y-squash\/","name":"Pistas de Tenis y Squash - Melia Castelo Branco","isPartOf":{"@id":"https:\/\/www.meliacastelobranco.com\/es\/#website"},"datePublished":"2024-04-24T15:27:25+00:00","dateModified":"2024-07-30T16:27:19+00:00","description":"O Meli\u00e1 Castelo Branco est\u00e1 situado junto ao castelo no alto de uma bonita colina com magn\u00edfica vista panor\u00e2mica da cidade.","breadcrumb":{"@id":"https:\/\/www.meliacastelobranco.com\/es\/pistas-de-tenis-y-squash\/#breadcrumb"},"inLanguage":"es","potentialAction":[{"@type":"ReadAction","target":["https:\/\/www.meliacastelobranco.com\/es\/pistas-de-tenis-y-squash\/"]}]},{"@type":"BreadcrumbList","@id":"https:\/\/www.meliacastelobranco.com\/es\/pistas-de-tenis-y-squash\/#breadcrumb","itemListElement":[{"@type":"ListItem","position":1,"name":"In\u00edcio","item":"https:\/\/www.meliacastelobranco.com\/es\/"},{"@type":"ListItem","position":2,"name":"Pistas de Tenis y Squash"}]},{"@type":"WebSite","@id":"https:\/\/www.meliacastelobranco.com\/es\/#website","url":"https:\/\/www.meliacastelobranco.com\/es\/","name":"Meli\u00e1 Castelo Branco","description":"O Meli\u00e1 Castelo Branco est\u00e1 situado junto ao castelo no alto de uma bonita colina com magn\u00edfica vista panor\u00e2mica da cidade.","publisher":{"@id":"https:\/\/www.meliacastelobranco.com\/es\/#organization"},"alternateName":"Meli\u00e1 Castelo Branco","potentialAction":[{"@type":"SearchAction","target":{"@type":"EntryPoint","urlTemplate":"https:\/\/www.meliacastelobranco.com\/es\/?s={search_term_string}"},"query-input":{"@type":"PropertyValueSpecification","valueRequired":true,"valueName":"search_term_string"}}],"inLanguage":"es"},{"@type":"Organization","@id":"https:\/\/www.meliacastelobranco.com\/es\/#organization","name":"Meli\u00e1 Castelo Branco","alternateName":"Meli\u00e1 Castelo Branco","url":"https:\/\/www.meliacastelobranco.com\/es\/","logo":{"@type":"ImageObject","inLanguage":"es","@id":"https:\/\/www.meliacastelobranco.com\/es\/#\/schema\/logo\/image\/","url":"https:\/\/www.meliacastelobranco.com\/wp-content\/uploads\/sites\/19\/2024\/06\/Logo_Mobile_MeliaCasteloBranco.png","contentUrl":"https:\/\/www.meliacastelobranco.com\/wp-content\/uploads\/sites\/19\/2024\/06\/Logo_Mobile_MeliaCasteloBranco.png","width":148,"height":60,"caption":"Meli\u00e1 Castelo Branco"},"image":{"@id":"https:\/\/www.meliacastelobranco.com\/es\/#\/schema\/logo\/image\/"},"sameAs":["https:\/\/www.instagram.com\/meliacastelobranco\/","https:\/\/www.linkedin.com\/company\/hoti-hoteis\/posts\/?feedView=all","https:\/\/www.youtube.com\/channel\/UCP0ugsnZVvziVrrstHe2gqg","https:\/\/www.tripadvisor.pt\/UserReviewEdit-g189142-d231467-Melia_Castelo_Branco-Castelo_Branco_Castelo_Branco_District_Central_Portugal.html"]}]}},"_links":{"self":[{"href":"https:\/\/www.meliacastelobranco.com\/es\/wp-json\/wp\/v2\/pages\/15562","targetHints":{"allow":["GET"]}}],"collection":[{"href":"https:\/\/www.meliacastelobranco.com\/es\/wp-json\/wp\/v2\/pages"}],"about":[{"href":"https:\/\/www.meliacastelobranco.com\/es\/wp-json\/wp\/v2\/types\/page"}],"author":[{"embeddable":true,"href":"https:\/\/www.meliacastelobranco.com\/es\/wp-json\/wp\/v2\/users\/1"}],"replies":[{"embeddable":true,"href":"https:\/\/www.meliacastelobranco.com\/es\/wp-json\/wp\/v2\/comments?post=15562"}],"version-history":[{"count":10,"href":"https:\/\/www.meliacastelobranco.com\/es\/wp-json\/wp\/v2\/pages\/15562\/revisions"}],"predecessor-version":[{"id":20877,"href":"https:\/\/www.meliacastelobranco.com\/es\/wp-json\/wp\/v2\/pages\/15562\/revisions\/20877"}],"wp:attachment":[{"href":"https:\/\/www.meliacastelobranco.com\/es\/wp-json\/wp\/v2\/media?parent=15562"}],"curies":[{"name":"wp","href":"https:\/\/api.w.org\/{rel}","templated":true}]}}