{"id":15561,"date":"2024-04-24T16:27:25","date_gmt":"2024-04-24T15:27:25","guid":{"rendered":"https:\/\/basemelia.tryplisboacaparica.com\/green-key\/"},"modified":"2024-07-30T17:27:01","modified_gmt":"2024-07-30T16:27:01","slug":"tennis-und-squashplaetze","status":"publish","type":"page","link":"https:\/\/www.meliacastelobranco.com\/de\/tennis-und-squashplaetze\/","title":{"rendered":"Tennis- und Squashpl\u00e4tze"},"content":{"rendered":"\t\t<div data-elementor-type=\"wp-page\" data-elementor-id=\"15561\" class=\"elementor elementor-15561 elementor-15124\" data-elementor-post-type=\"page\">\n\t\t\t\t<section class=\"elementor-element elementor-element-6c6eb2b e-con-full e-flex e-con e-parent\" data-id=\"6c6eb2b\" data-element_type=\"container\" data-settings=\"{&quot;background_background&quot;:&quot;classic&quot;}\">\n\t\t<div class=\"elementor-element elementor-element-88c41f8 e-con-full e-flex e-con e-child\" data-id=\"88c41f8\" data-element_type=\"container\">\n\t\t\t\t<div class=\"elementor-element elementor-element-d99bec5 elementor-widget elementor-widget-heading\" data-id=\"d99bec5\" data-element_type=\"widget\" data-widget_type=\"heading.default\">\n\t\t\t\t<div class=\"elementor-widget-container\">\n\t\t\t\t\t<h1 class=\"elementor-heading-title elementor-size-default\">TENNIS- UND<\/h1>\t\t\t\t<\/div>\n\t\t\t\t<\/div>\n\t\t\t\t<div class=\"elementor-element elementor-element-1de591b elementor-widget elementor-widget-heading\" data-id=\"1de591b\" data-element_type=\"widget\" data-widget_type=\"heading.default\">\n\t\t\t\t<div class=\"elementor-widget-container\">\n\t\t\t\t\t<h1 class=\"elementor-heading-title elementor-size-default\">SQUASHPL\u00c4TZE<\/h1>\t\t\t\t<\/div>\n\t\t\t\t<\/div>\n\t\t\t\t<\/div>\n\t\t\t\t<\/section>\n\t\t<section class=\"elementor-element elementor-element-cab6987 e-con-full e-flex e-con e-parent\" data-id=\"cab6987\" data-element_type=\"container\">\n\t\t\t\t<div class=\"elementor-element elementor-element-a610a2c elementor-widget elementor-widget-text-editor\" data-id=\"a610a2c\" data-element_type=\"widget\" data-widget_type=\"text-editor.default\">\n\t\t\t\t<div class=\"elementor-widget-container\">\n\t\t\t\t\t\t\t\t\t<p>In unserem Hotel bieten wir moderne und gepflegte Anlagen f\u00fcr Tennis- und Squashbegeisterte.<\/p><p>Unabh\u00e4ngig von Ihrer Spielst\u00e4rke sind wir bestrebt, Ihnen w\u00e4hrend Ihres Aufenthalts in unserem Hotel ein au\u00dfergew\u00f6hnliches Sporterlebnis zu bieten.<\/p>\t\t\t\t\t\t\t\t<\/div>\n\t\t\t\t<\/div>\n\t\t\t\t<\/section>\n\t\t<section class=\"elementor-element elementor-element-0ace411 e-con-full e-flex e-con e-parent\" data-id=\"0ace411\" data-element_type=\"container\">\n\t\t<div class=\"elementor-element elementor-element-524085c e-con-full e-flex e-con e-child\" data-id=\"524085c\" data-element_type=\"container\" data-settings=\"{&quot;background_background&quot;:&quot;classic&quot;}\">\n\t\t\t\t<div class=\"elementor-element elementor-element-51b1901 elementor-widget elementor-widget-spacer\" data-id=\"51b1901\" data-element_type=\"widget\" data-widget_type=\"spacer.default\">\n\t\t\t\t<div class=\"elementor-widget-container\">\n\t\t\t\t\t\t\t<div class=\"elementor-spacer\">\n\t\t\t<div class=\"elementor-spacer-inner\"><\/div>\n\t\t<\/div>\n\t\t\t\t\t\t<\/div>\n\t\t\t\t<\/div>\n\t\t\t\t<\/div>\n\t\t<div class=\"elementor-element elementor-element-93f05b2 e-con-full e-flex e-con e-child\" data-id=\"93f05b2\" data-element_type=\"container\">\n\t\t<div class=\"elementor-element elementor-element-6019db4 e-con-full e-flex e-con e-child\" data-id=\"6019db4\" data-element_type=\"container\">\n\t\t\t\t<div class=\"elementor-element elementor-element-5b7f710 elementor-widget elementor-widget-heading\" data-id=\"5b7f710\" data-element_type=\"widget\" data-widget_type=\"heading.default\">\n\t\t\t\t<div class=\"elementor-widget-container\">\n\t\t\t\t\t<h2 class=\"elementor-heading-title elementor-size-default\">Tenis<\/h2>\t\t\t\t<\/div>\n\t\t\t\t<\/div>\n\t\t\t\t<div class=\"elementor-element elementor-element-869598c elementor-widget elementor-widget-text-editor\" data-id=\"869598c\" data-element_type=\"widget\" data-widget_type=\"text-editor.default\">\n\t\t\t\t<div class=\"elementor-widget-container\">\n\t\t\t\t\t\t\t\t\t<p>Die drei Tennispl\u00e4tze bieten nicht nur qualitativ hochwertige Oberfl\u00e4chen, sondern sind auch anpassungsf\u00e4hig, um die Bed\u00fcrfnisse von Spielern aller Niveaus zu erf\u00fcllen, von denen, die ihre ersten Schritte in diesem Sport machen, bis hin zu den erfahrensten Profis. Der atemberaubende Blick auf die Stadt Castelo Branco macht jedes Match zu einem unvergesslichen Erlebnis. Nutzen Sie unsere Einrichtungen und bringen Sie Ihr Spiel auf die n\u00e4chste Stufe!<\/p>\t\t\t\t\t\t\t\t<\/div>\n\t\t\t\t<\/div>\n\t\t\t\t<\/div>\n\t\t\t\t<\/div>\n\t\t\t\t<\/section>\n\t\t<section class=\"elementor-element elementor-element-b179c7b e-con-full e-flex e-con e-parent\" data-id=\"b179c7b\" data-element_type=\"container\">\n\t\t<div class=\"elementor-element elementor-element-7f4ce6c e-con-full e-flex e-con e-child\" data-id=\"7f4ce6c\" data-element_type=\"container\">\n\t\t<div class=\"elementor-element elementor-element-12c2d1b e-con-full e-flex e-con e-child\" data-id=\"12c2d1b\" data-element_type=\"container\">\n\t\t\t\t<div class=\"elementor-element elementor-element-ef1419c elementor-widget elementor-widget-heading\" data-id=\"ef1419c\" data-element_type=\"widget\" data-widget_type=\"heading.default\">\n\t\t\t\t<div class=\"elementor-widget-container\">\n\t\t\t\t\t<h2 class=\"elementor-heading-title elementor-size-default\">SQUASH<\/h2>\t\t\t\t<\/div>\n\t\t\t\t<\/div>\n\t\t\t\t<div class=\"elementor-element elementor-element-f2b5b00 elementor-widget__width-initial elementor-widget elementor-widget-text-editor\" data-id=\"f2b5b00\" data-element_type=\"widget\" data-widget_type=\"text-editor.default\">\n\t\t\t\t<div class=\"elementor-widget-container\">\n\t\t\t\t\t\t\t\t\t<div class=\"ewa-rteLine\"><p>F\u00fcr Squash-Enthusiasten bietet das Hotel hochwertige Pl\u00e4tze, die sorgf\u00e4ltig ausgestattet sind, um die perfekte Umgebung f\u00fcr spannende Spiele zu schaffen. Die Spieler k\u00f6nnen anspruchsvolle Partien spielen und gleichzeitig ihre F\u00e4higkeiten in diesem dynamischen und wettbewerbsorientierten Sport verbessern. Mit Einrichtungen, die auf die Bed\u00fcrfnisse von Spielern aller Niveaus zugeschnitten sind, von Anf\u00e4ngern bis zu erfahrenen Veteranen, garantieren wir ein unvergleichliches Squash-Erlebnis. Kommen Sie und entdecken Sie den Nervenkitzel des Squash!<\/p><\/div>\t\t\t\t\t\t\t\t<\/div>\n\t\t\t\t<\/div>\n\t\t\t\t<\/div>\n\t\t\t\t<\/div>\n\t\t<div class=\"elementor-element elementor-element-af56856 e-con-full e-flex e-con e-child\" data-id=\"af56856\" data-element_type=\"container\" data-settings=\"{&quot;background_background&quot;:&quot;classic&quot;}\">\n\t\t\t\t<div class=\"elementor-element elementor-element-26c8aef elementor-widget elementor-widget-spacer\" data-id=\"26c8aef\" data-element_type=\"widget\" data-widget_type=\"spacer.default\">\n\t\t\t\t<div class=\"elementor-widget-container\">\n\t\t\t\t\t\t\t<div class=\"elementor-spacer\">\n\t\t\t<div class=\"elementor-spacer-inner\"><\/div>\n\t\t<\/div>\n\t\t\t\t\t\t<\/div>\n\t\t\t\t<\/div>\n\t\t\t\t<\/div>\n\t\t\t\t<\/section>\n\t\t<div class=\"elementor-element elementor-element-86c692f e-con-full e-flex e-con e-parent\" data-id=\"86c692f\" data-element_type=\"container\">\n\t\t\t\t<div class=\"elementor-element elementor-element-8526559 elementor-widget elementor-widget-heading\" data-id=\"8526559\" data-element_type=\"widget\" data-widget_type=\"heading.default\">\n\t\t\t\t<div class=\"elementor-widget-container\">\n\t\t\t\t\t<h5 class=\"elementor-heading-title elementor-size-default\">Galerie<\/h5>\t\t\t\t<\/div>\n\t\t\t\t<\/div>\n\t\t\t\t<div class=\"elementor-element elementor-element-2b3c145 elementor-skin-carousel elementor-arrows-yes elementor-pagination-type-bullets elementor-pagination-position-outside elementor-widget elementor-widget-hoti-gallery-slider\" data-id=\"2b3c145\" data-element_type=\"widget\" data-settings=\"{&quot;slides_per_view&quot;:&quot;3&quot;,&quot;skin&quot;:&quot;carousel&quot;,&quot;effect&quot;:&quot;slide&quot;,&quot;show_arrows&quot;:&quot;yes&quot;,&quot;pagination&quot;:&quot;bullets&quot;,&quot;speed&quot;:500,&quot;autoplay&quot;:&quot;yes&quot;,&quot;autoplay_speed&quot;:5000,&quot;pause_on_hover&quot;:&quot;yes&quot;,&quot;pause_on_interaction&quot;:&quot;yes&quot;,&quot;space_between&quot;:{&quot;unit&quot;:&quot;px&quot;,&quot;size&quot;:10,&quot;sizes&quot;:[]},&quot;space_between_tablet_extra&quot;:{&quot;unit&quot;:&quot;px&quot;,&quot;size&quot;:10,&quot;sizes&quot;:[]},&quot;space_between_tablet&quot;:{&quot;unit&quot;:&quot;px&quot;,&quot;size&quot;:10,&quot;sizes&quot;:[]},&quot;space_between_mobile_extra&quot;:{&quot;unit&quot;:&quot;px&quot;,&quot;size&quot;:10,&quot;sizes&quot;:[]},&quot;space_between_mobile&quot;:{&quot;unit&quot;:&quot;px&quot;,&quot;size&quot;:10,&quot;sizes&quot;:[]}}\" data-widget_type=\"hoti-gallery-slider.default\">\n\t\t\t\t<div class=\"elementor-widget-container\">\n\t\t\t\t\t\t\t\t\t<div class=\"elementor-swiper\">\n\t\t\t\t\t<div class=\"elementor-main-swiper swiper\" role=\"region\" aria-roledescription=\"carousel\" aria-label=\"Slider\">\n\t\t\t\t<div class=\"swiper-wrapper\">\n\t\t\t\t\t\t\t\t\t\t\t<div class=\"swiper-slide\" role=\"group\" aria-roledescription=\"slide\">\n\t\t\t\t\t\t\t\t\t<div class=\"elementor-carousel-image landscape\" role=\"img\" aria-label=\"MCB_TENIS\" style=\"background-image: url(&#039;https:\/\/www.meliacastelobranco.com\/wp-content\/uploads\/sites\/19\/2024\/05\/MCB_TENIS.jpg&#039;)\">\r\n\r\n\t\t\t\r\n\t\t\t\t\t<\/div>\r\n\t\t\t\t\t\t\t\t<\/div>\n\t\t\t\t\t\t\t\t\t\t\t<div class=\"swiper-slide\" role=\"group\" aria-roledescription=\"slide\">\n\t\t\t\t\t\t\t\t\t<div class=\"elementor-carousel-image landscape\" role=\"img\" aria-label=\"MCB_SQUASH 1\" style=\"background-image: url(&#039;https:\/\/www.meliacastelobranco.com\/wp-content\/uploads\/sites\/19\/2024\/05\/MCB_SQUASH-1.jpg&#039;)\">\r\n\r\n\t\t\t\r\n\t\t\t\t\t<\/div>\r\n\t\t\t\t\t\t\t\t<\/div>\n\t\t\t\t\t\t\t\t\t\t\t<div class=\"swiper-slide\" role=\"group\" aria-roledescription=\"slide\">\n\t\t\t\t\t\t\t\t\t<div class=\"elementor-carousel-image landscape\" role=\"img\" aria-label=\"MCB_TENIS\" style=\"background-image: url(&#039;https:\/\/www.meliacastelobranco.com\/wp-content\/uploads\/sites\/19\/2024\/05\/MCB_TENIS-1.jpg&#039;)\">\r\n\r\n\t\t\t\r\n\t\t\t\t\t<\/div>\r\n\t\t\t\t\t\t\t\t<\/div>\n\t\t\t\t\t\t\t\t\t\t\t<div class=\"swiper-slide\" role=\"group\" aria-roledescription=\"slide\">\n\t\t\t\t\t\t\t\t\t<div class=\"elementor-carousel-image landscape\" role=\"img\" aria-label=\"MCB_SQUASH&amp;TENIS\" style=\"background-image: url(&#039;https:\/\/www.meliacastelobranco.com\/wp-content\/uploads\/sites\/19\/2024\/05\/MCB_SQUASHTENIS.jpg&#039;)\">\r\n\r\n\t\t\t\r\n\t\t\t\t\t<\/div>\r\n\t\t\t\t\t\t\t\t<\/div>\n\t\t\t\t\t\t\t\t\t\t\t<div class=\"swiper-slide\" role=\"group\" aria-roledescription=\"slide\">\n\t\t\t\t\t\t\t\t\t<div class=\"elementor-carousel-image landscape\" role=\"img\" aria-label=\"MCB_SQUASH\" style=\"background-image: url(&#039;https:\/\/www.meliacastelobranco.com\/wp-content\/uploads\/sites\/19\/2024\/05\/MCB_SQUASH.jpg&#039;)\">\r\n\r\n\t\t\t\r\n\t\t\t\t\t<\/div>\r\n\t\t\t\t\t\t\t\t<\/div>\n\t\t\t\t\t\t\t\t\t<\/div>\n\t\t\t\t\t\t\t\t\t\t\t\t\t\t\t<div class=\"elementor-swiper-button elementor-swiper-button-prev\" role=\"button\" tabindex=\"0\" aria-label=\"Voriger\">\n\t\t\t\t\t\t\t<i aria-hidden=\"true\" class=\"eicon-chevron-left\"><\/i>\t\t\t\t\t\t<\/div>\n\t\t\t\t\t\t<div class=\"elementor-swiper-button elementor-swiper-button-next\" role=\"button\" tabindex=\"0\" aria-label=\"N\u00e4chster\">\n\t\t\t\t\t\t\t<i aria-hidden=\"true\" class=\"eicon-chevron-right\"><\/i>\t\t\t\t\t\t<\/div>\n\t\t\t\t\t\t\t\t\t\t\t\t\t\t\t\t<div class=\"swiper-pagination\"><\/div>\n\t\t\t\t\t\t\t\t\t\t\t\t<\/div>\n\t\t\t\t<\/div>\n\t\t\t\t\t\t\t\t<\/div>\n\t\t\t\t<\/div>\n\t\t\t\t<\/div>\n\t\t\t\t<\/div>\n\t\t","protected":false},"excerpt":{"rendered":"<p>TENNIS- UND SQUASHPL\u00c4TZE In unserem Hotel bieten wir moderne und gepflegte Anlagen f\u00fcr Tennis- und Squashbegeisterte. Unabh\u00e4ngig von Ihrer Spielst\u00e4rke sind wir bestrebt, Ihnen w\u00e4hrend Ihres Aufenthalts in unserem Hotel ein au\u00dfergew\u00f6hnliches Sporterlebnis zu bieten. Tenis Die drei Tennispl\u00e4tze bieten nicht nur qualitativ hochwertige Oberfl\u00e4chen, sondern sind auch anpassungsf\u00e4hig, um die Bed\u00fcrfnisse von Spielern aller [&hellip;]<\/p>\n","protected":false},"author":1,"featured_media":0,"parent":0,"menu_order":0,"comment_status":"closed","ping_status":"closed","template":"","meta":{"_acf_changed":false,"footnotes":""},"class_list":["post-15561","page","type-page","status-publish","hentry"],"acf":[],"yoast_head":"<!-- This site is optimized with the Yoast SEO plugin v24.5 - https:\/\/yoast.com\/wordpress\/plugins\/seo\/ -->\n<title>Tennis- und Squashpl\u00e4tze - Melia Castelo Branco<\/title>\n<meta name=\"description\" content=\"O Meli\u00e1 Castelo Branco est\u00e1 situado junto ao castelo no alto de uma bonita colina com magn\u00edfica vista panor\u00e2mica da cidade.\" \/>\n<meta name=\"robots\" content=\"index, follow, max-snippet:-1, max-image-preview:large, max-video-preview:-1\" \/>\n<link rel=\"canonical\" href=\"https:\/\/www.meliacastelobranco.com\/de\/tennis-und-squashplaetze\/\" \/>\n<meta property=\"og:locale\" content=\"de_DE\" \/>\n<meta property=\"og:type\" content=\"article\" \/>\n<meta property=\"og:title\" content=\"Tennis- und Squashpl\u00e4tze - Melia Castelo Branco\" \/>\n<meta property=\"og:description\" content=\"O Meli\u00e1 Castelo Branco est\u00e1 situado junto ao castelo no alto de uma bonita colina com magn\u00edfica vista panor\u00e2mica da cidade.\" \/>\n<meta property=\"og:url\" content=\"https:\/\/www.meliacastelobranco.com\/de\/tennis-und-squashplaetze\/\" \/>\n<meta property=\"og:site_name\" content=\"Melia Castelo Branco\" \/>\n<meta property=\"article:publisher\" content=\"https:\/\/www.instagram.com\/meliacastelobranco\/\" \/>\n<meta property=\"article:modified_time\" content=\"2024-07-30T16:27:01+00:00\" \/>\n<meta property=\"og:image\" content=\"https:\/\/www.meliacastelobranco.com\/wp-content\/uploads\/sites\/19\/2024\/06\/Melia_Castelo_Branco_Open-graph.jpg\" \/>\n\t<meta property=\"og:image:width\" content=\"1200\" \/>\n\t<meta property=\"og:image:height\" content=\"630\" \/>\n\t<meta property=\"og:image:type\" content=\"image\/jpeg\" \/>\n<meta name=\"twitter:card\" content=\"summary_large_image\" \/>\n<meta name=\"twitter:label1\" content=\"Gesch\u00e4tzte Lesezeit\" \/>\n\t<meta name=\"twitter:data1\" content=\"1\u00a0Minute\" \/>\n<script type=\"application\/ld+json\" class=\"yoast-schema-graph\">{\"@context\":\"https:\/\/schema.org\",\"@graph\":[{\"@type\":\"WebPage\",\"@id\":\"https:\/\/www.meliacastelobranco.com\/de\/tennis-und-squashplaetze\/\",\"url\":\"https:\/\/www.meliacastelobranco.com\/de\/tennis-und-squashplaetze\/\",\"name\":\"Tennis- und Squashpl\u00e4tze - Melia Castelo Branco\",\"isPartOf\":{\"@id\":\"https:\/\/www.meliacastelobranco.com\/de\/#website\"},\"datePublished\":\"2024-04-24T15:27:25+00:00\",\"dateModified\":\"2024-07-30T16:27:01+00:00\",\"description\":\"O Meli\u00e1 Castelo Branco est\u00e1 situado junto ao castelo no alto de uma bonita colina com magn\u00edfica vista panor\u00e2mica da cidade.\",\"breadcrumb\":{\"@id\":\"https:\/\/www.meliacastelobranco.com\/de\/tennis-und-squashplaetze\/#breadcrumb\"},\"inLanguage\":\"de\",\"potentialAction\":[{\"@type\":\"ReadAction\",\"target\":[\"https:\/\/www.meliacastelobranco.com\/de\/tennis-und-squashplaetze\/\"]}]},{\"@type\":\"BreadcrumbList\",\"@id\":\"https:\/\/www.meliacastelobranco.com\/de\/tennis-und-squashplaetze\/#breadcrumb\",\"itemListElement\":[{\"@type\":\"ListItem\",\"position\":1,\"name\":\"In\u00edcio\",\"item\":\"https:\/\/www.meliacastelobranco.com\/de\/\"},{\"@type\":\"ListItem\",\"position\":2,\"name\":\"Tennis- und Squashpl\u00e4tze\"}]},{\"@type\":\"WebSite\",\"@id\":\"https:\/\/www.meliacastelobranco.com\/de\/#website\",\"url\":\"https:\/\/www.meliacastelobranco.com\/de\/\",\"name\":\"Meli\u00e1 Castelo Branco\",\"description\":\"O Meli\u00e1 Castelo Branco est\u00e1 situado junto ao castelo no alto de uma bonita colina com magn\u00edfica vista panor\u00e2mica da cidade.\",\"publisher\":{\"@id\":\"https:\/\/www.meliacastelobranco.com\/de\/#organization\"},\"alternateName\":\"Meli\u00e1 Castelo Branco\",\"potentialAction\":[{\"@type\":\"SearchAction\",\"target\":{\"@type\":\"EntryPoint\",\"urlTemplate\":\"https:\/\/www.meliacastelobranco.com\/de\/?s={search_term_string}\"},\"query-input\":{\"@type\":\"PropertyValueSpecification\",\"valueRequired\":true,\"valueName\":\"search_term_string\"}}],\"inLanguage\":\"de\"},{\"@type\":\"Organization\",\"@id\":\"https:\/\/www.meliacastelobranco.com\/de\/#organization\",\"name\":\"Meli\u00e1 Castelo Branco\",\"alternateName\":\"Meli\u00e1 Castelo Branco\",\"url\":\"https:\/\/www.meliacastelobranco.com\/de\/\",\"logo\":{\"@type\":\"ImageObject\",\"inLanguage\":\"de\",\"@id\":\"https:\/\/www.meliacastelobranco.com\/de\/#\/schema\/logo\/image\/\",\"url\":\"https:\/\/www.meliacastelobranco.com\/wp-content\/uploads\/sites\/19\/2024\/06\/Logo_Mobile_MeliaCasteloBranco.png\",\"contentUrl\":\"https:\/\/www.meliacastelobranco.com\/wp-content\/uploads\/sites\/19\/2024\/06\/Logo_Mobile_MeliaCasteloBranco.png\",\"width\":148,\"height\":60,\"caption\":\"Meli\u00e1 Castelo Branco\"},\"image\":{\"@id\":\"https:\/\/www.meliacastelobranco.com\/de\/#\/schema\/logo\/image\/\"},\"sameAs\":[\"https:\/\/www.instagram.com\/meliacastelobranco\/\",\"https:\/\/www.linkedin.com\/company\/hoti-hoteis\/posts\/?feedView=all\",\"https:\/\/www.youtube.com\/channel\/UCP0ugsnZVvziVrrstHe2gqg\",\"https:\/\/www.tripadvisor.pt\/UserReviewEdit-g189142-d231467-Melia_Castelo_Branco-Castelo_Branco_Castelo_Branco_District_Central_Portugal.html\"]}]}<\/script>\n<!-- \/ Yoast SEO plugin. -->","yoast_head_json":{"title":"Tennis- und Squashpl\u00e4tze - Melia Castelo Branco","description":"O Meli\u00e1 Castelo Branco est\u00e1 situado junto ao castelo no alto de uma bonita colina com magn\u00edfica vista panor\u00e2mica da cidade.","robots":{"index":"index","follow":"follow","max-snippet":"max-snippet:-1","max-image-preview":"max-image-preview:large","max-video-preview":"max-video-preview:-1"},"canonical":"https:\/\/www.meliacastelobranco.com\/de\/tennis-und-squashplaetze\/","og_locale":"de_DE","og_type":"article","og_title":"Tennis- und Squashpl\u00e4tze - Melia Castelo Branco","og_description":"O Meli\u00e1 Castelo Branco est\u00e1 situado junto ao castelo no alto de uma bonita colina com magn\u00edfica vista panor\u00e2mica da cidade.","og_url":"https:\/\/www.meliacastelobranco.com\/de\/tennis-und-squashplaetze\/","og_site_name":"Melia Castelo Branco","article_publisher":"https:\/\/www.instagram.com\/meliacastelobranco\/","article_modified_time":"2024-07-30T16:27:01+00:00","og_image":[{"width":1200,"height":630,"url":"https:\/\/www.meliacastelobranco.com\/wp-content\/uploads\/sites\/19\/2024\/06\/Melia_Castelo_Branco_Open-graph.jpg","type":"image\/jpeg"}],"twitter_card":"summary_large_image","twitter_misc":{"Gesch\u00e4tzte Lesezeit":"1\u00a0Minute"},"schema":{"@context":"https:\/\/schema.org","@graph":[{"@type":"WebPage","@id":"https:\/\/www.meliacastelobranco.com\/de\/tennis-und-squashplaetze\/","url":"https:\/\/www.meliacastelobranco.com\/de\/tennis-und-squashplaetze\/","name":"Tennis- und Squashpl\u00e4tze - Melia Castelo Branco","isPartOf":{"@id":"https:\/\/www.meliacastelobranco.com\/de\/#website"},"datePublished":"2024-04-24T15:27:25+00:00","dateModified":"2024-07-30T16:27:01+00:00","description":"O Meli\u00e1 Castelo Branco est\u00e1 situado junto ao castelo no alto de uma bonita colina com magn\u00edfica vista panor\u00e2mica da cidade.","breadcrumb":{"@id":"https:\/\/www.meliacastelobranco.com\/de\/tennis-und-squashplaetze\/#breadcrumb"},"inLanguage":"de","potentialAction":[{"@type":"ReadAction","target":["https:\/\/www.meliacastelobranco.com\/de\/tennis-und-squashplaetze\/"]}]},{"@type":"BreadcrumbList","@id":"https:\/\/www.meliacastelobranco.com\/de\/tennis-und-squashplaetze\/#breadcrumb","itemListElement":[{"@type":"ListItem","position":1,"name":"In\u00edcio","item":"https:\/\/www.meliacastelobranco.com\/de\/"},{"@type":"ListItem","position":2,"name":"Tennis- und Squashpl\u00e4tze"}]},{"@type":"WebSite","@id":"https:\/\/www.meliacastelobranco.com\/de\/#website","url":"https:\/\/www.meliacastelobranco.com\/de\/","name":"Meli\u00e1 Castelo Branco","description":"O Meli\u00e1 Castelo Branco est\u00e1 situado junto ao castelo no alto de uma bonita colina com magn\u00edfica vista panor\u00e2mica da cidade.","publisher":{"@id":"https:\/\/www.meliacastelobranco.com\/de\/#organization"},"alternateName":"Meli\u00e1 Castelo Branco","potentialAction":[{"@type":"SearchAction","target":{"@type":"EntryPoint","urlTemplate":"https:\/\/www.meliacastelobranco.com\/de\/?s={search_term_string}"},"query-input":{"@type":"PropertyValueSpecification","valueRequired":true,"valueName":"search_term_string"}}],"inLanguage":"de"},{"@type":"Organization","@id":"https:\/\/www.meliacastelobranco.com\/de\/#organization","name":"Meli\u00e1 Castelo Branco","alternateName":"Meli\u00e1 Castelo Branco","url":"https:\/\/www.meliacastelobranco.com\/de\/","logo":{"@type":"ImageObject","inLanguage":"de","@id":"https:\/\/www.meliacastelobranco.com\/de\/#\/schema\/logo\/image\/","url":"https:\/\/www.meliacastelobranco.com\/wp-content\/uploads\/sites\/19\/2024\/06\/Logo_Mobile_MeliaCasteloBranco.png","contentUrl":"https:\/\/www.meliacastelobranco.com\/wp-content\/uploads\/sites\/19\/2024\/06\/Logo_Mobile_MeliaCasteloBranco.png","width":148,"height":60,"caption":"Meli\u00e1 Castelo Branco"},"image":{"@id":"https:\/\/www.meliacastelobranco.com\/de\/#\/schema\/logo\/image\/"},"sameAs":["https:\/\/www.instagram.com\/meliacastelobranco\/","https:\/\/www.linkedin.com\/company\/hoti-hoteis\/posts\/?feedView=all","https:\/\/www.youtube.com\/channel\/UCP0ugsnZVvziVrrstHe2gqg","https:\/\/www.tripadvisor.pt\/UserReviewEdit-g189142-d231467-Melia_Castelo_Branco-Castelo_Branco_Castelo_Branco_District_Central_Portugal.html"]}]}},"_links":{"self":[{"href":"https:\/\/www.meliacastelobranco.com\/de\/wp-json\/wp\/v2\/pages\/15561","targetHints":{"allow":["GET"]}}],"collection":[{"href":"https:\/\/www.meliacastelobranco.com\/de\/wp-json\/wp\/v2\/pages"}],"about":[{"href":"https:\/\/www.meliacastelobranco.com\/de\/wp-json\/wp\/v2\/types\/page"}],"author":[{"embeddable":true,"href":"https:\/\/www.meliacastelobranco.com\/de\/wp-json\/wp\/v2\/users\/1"}],"replies":[{"embeddable":true,"href":"https:\/\/www.meliacastelobranco.com\/de\/wp-json\/wp\/v2\/comments?post=15561"}],"version-history":[{"count":10,"href":"https:\/\/www.meliacastelobranco.com\/de\/wp-json\/wp\/v2\/pages\/15561\/revisions"}],"predecessor-version":[{"id":20874,"href":"https:\/\/www.meliacastelobranco.com\/de\/wp-json\/wp\/v2\/pages\/15561\/revisions\/20874"}],"wp:attachment":[{"href":"https:\/\/www.meliacastelobranco.com\/de\/wp-json\/wp\/v2\/media?parent=15561"}],"curies":[{"name":"wp","href":"https:\/\/api.w.org\/{rel}","templated":true}]}}